{"id":2136,"date":"2025-02-24T21:10:34","date_gmt":"2025-02-24T20:10:34","guid":{"rendered":"https:\/\/hoper.dnsalias.net\/atdc\/?page_id=2136"},"modified":"2025-07-26T00:35:46","modified_gmt":"2025-07-25T22:35:46","slug":"mia","status":"publish","type":"page","link":"https:\/\/hoper.dnsalias.net\/atdc\/index.php\/mia\/","title":{"rendered":"Mia, Corps d&rsquo;acier, C\u0153ur tendre"},"content":{"rendered":"<p><a href=\"https:\/\/hoper.dnsalias.net\/atdc\/wp-content\/uploads\/2025\/02\/Couverture_Mia1_mini_epub.jpg\"><img loading=\"lazy\" decoding=\"async\" class=\"alignleft size-medium wp-image-2176\" src=\"https:\/\/hoper.dnsalias.net\/atdc\/wp-content\/uploads\/2025\/02\/Couverture_Mia1_mini_epub-297x400.jpg\" alt=\"Couverture du livre\" width=\"297\" height=\"400\" srcset=\"https:\/\/hoper.dnsalias.net\/atdc\/wp-content\/uploads\/2025\/02\/Couverture_Mia1_mini_epub-297x400.jpg 297w, https:\/\/hoper.dnsalias.net\/atdc\/wp-content\/uploads\/2025\/02\/Couverture_Mia1_mini_epub-761x1024.jpg 761w, https:\/\/hoper.dnsalias.net\/atdc\/wp-content\/uploads\/2025\/02\/Couverture_Mia1_mini_epub-768x1033.jpg 768w, https:\/\/hoper.dnsalias.net\/atdc\/wp-content\/uploads\/2025\/02\/Couverture_Mia1_mini_epub-1142x1536.jpg 1142w, https:\/\/hoper.dnsalias.net\/atdc\/wp-content\/uploads\/2025\/02\/Couverture_Mia1_mini_epub.jpg 1200w\" sizes=\"auto, (max-width: 297px) 100vw, 297px\" \/><\/a><\/p>\n<p>&nbsp;<\/p>\n<p>Ceux qui me suivent depuis tr\u00e8eeeees longtemps, savent qu&rsquo;a une lointaine \u00e9poque j&rsquo;avais d\u00e9j\u00e0 r\u00e9ussi \u00e0 terminer l&rsquo;\u00e9criture d&rsquo;<a href=\"https:\/\/hoper.dnsalias.net\/atdc\/index.php\/night-city-2020\/\">un livre dont vous \u00eates le h\u00e9ros<\/a>. Tenez vous bien, je viens d&rsquo;en terminer un autre ! Sauf que cette fois il s&rsquo;agit d&rsquo;un roman tout \u00e0 fait classique. Plus qu&rsquo;un livre unique, j&rsquo;ai m\u00eame l&rsquo;espoir d&rsquo;\u00e9crire une trilogie&#8230;<\/p>\n<p>Si vous voulez le t\u00e9l\u00e9charger (ce texte est <strong>libre<\/strong> pour un usage <strong>non commercial<\/strong>), les liens sont tous en bas de cet article.<\/p>\n<p>&nbsp;<\/p>\n<p>&nbsp;<\/p>\n<p>&nbsp;<\/p>\n<h2>FAQ.<\/h2>\n<h4><strong>De quoi \u00e7a parle ?<\/strong><\/h4>\n<p>D&rsquo;un homme geek et technophile comme on les aime, atteint d&rsquo;un cancer et qui attend la mort \u00e0 l\u2019h\u00f4pital. Lorsqu&rsquo;un homme myst\u00e9rieux d\u00e9barque dans sa chambre et lui fait une offre inattendue: r\u00e9cup\u00e9rer son cerveau pour le placer dans un corps artificiel&#8230;<\/p>\n<h4><strong>Il y a de l&rsquo;action ?<\/strong><\/h4>\n<p>Un peu. Pas tant que \u00e7a. Pas encore. Mais il y en aura, c&rsquo;est promis \ud83d\ude42 Ce premier tome sert plut\u00f4t d&rsquo;introduction&#8230;<\/p>\n<h4><strong>Il y a de l&rsquo;amour ?<\/strong><\/h4>\n<p>Peut \u00eatre un peu. Mais j&rsquo;essaye d&rsquo;\u00eatre un tout petit peu r\u00e9aliste. alors si vous esp\u00e9rez une folle histoire d&rsquo;amour r\u00e9ciproque, br\u00fblante et passionn\u00e9e typique de la litt\u00e9rature bit-lit (que j&rsquo;aime beaucoup et dont je me suis forc\u00e9ment inspir\u00e9), vous serez un peu d\u00e9\u00e7u.<\/p>\n<h4><strong>Mais alors il y a quoi dans ce bouquin ?<\/strong><\/h4>\n<p>La vie quotidienne et les d\u00e9buts compliqu\u00e9s de ma \u00ab\u00a0future\u00a0\u00bb h\u00e9ro\u00efne.<\/p>\n<h4><strong>Combien tu gagnes sur les 12\u20ac que co\u00fbte la version papier ?<\/strong><\/h4>\n<p>Trois euros et quinze centimes. Voila le d\u00e9tail de la r\u00e9partition du co\u00fbt :<\/p>\n<p><a href=\"https:\/\/hoper.dnsalias.net\/atdc\/wp-content\/uploads\/2025\/02\/prix.png\"><img loading=\"lazy\" decoding=\"async\" class=\"size-medium wp-image-2182 alignnone\" src=\"https:\/\/hoper.dnsalias.net\/atdc\/wp-content\/uploads\/2025\/02\/prix-400x291.png\" alt=\"\" width=\"400\" height=\"291\" srcset=\"https:\/\/hoper.dnsalias.net\/atdc\/wp-content\/uploads\/2025\/02\/prix-400x291.png 400w, https:\/\/hoper.dnsalias.net\/atdc\/wp-content\/uploads\/2025\/02\/prix.png 666w\" sizes=\"auto, (max-width: 400px) 100vw, 400px\" \/><\/a><\/p>\n<p>Quand on regarde ce graphique, on se dit que l&rsquo;auteur se fait royalement entuber. En r\u00e9alit\u00e9 il faut relativiser. Je touche 60% du prix hors taxe, moins le co\u00fbt de l&rsquo;impression, et Amazon les 40% qui restent. Donc si le prix du livre \u00e9tait (beaucoup) plus \u00e9lev\u00e9, je gagnerai plus qu&rsquo;Amazon sur chaque livres. Ce qui, certes, pourrait sembler normal au final mais le monde de l&rsquo;\u00e9dition ne fonctionne pas du tout comme \u00e7a. Et ces 60% repr\u00e9sentent un pourcentage bien plus \u00e9lev\u00e9 que la <a href=\"https:\/\/www.librinova.com\/blog\/salaire-decrivain-combien-gagne-un-auteur\/\">norme<\/a> dans ce secteur&#8230;<\/p>\n<h4><strong>Combien \u00e7a t&rsquo;a co\u00fbt\u00e9 ?<\/strong><\/h4>\n<p>Si on ajoute le prix des codes ISBN, le prix des exemplaires de test, le d\u00e9p\u00f4t l\u00e9gal de l\u2019\u0153uvre, les frais de port etc, je dirais une bonne centaine d&rsquo;euros. Donc oui, si je voulais au moins rembourser l&rsquo;op\u00e9ration il faudrait que j&rsquo;en vende une trentaine. Et on ne va pas se mentir, je n&rsquo;ai quasiment aucune chance de rentrer dans mes frais. Heureusement que je le fais pour le plaisir, et pas pour me nourrir \ud83d\ude42<\/p>\n<h4><strong>C&rsquo;est normal qu&rsquo;il soit bourr\u00e9 de faute ?<\/strong><\/h4>\n<p>Oui dans la mesure ou je n&rsquo;ai pas les moyens de payer un relecteur pour corriger toutes les fautes et autre coquilles. J&rsquo;esp\u00e8re avoir corrig\u00e9 le plus gros \u00e0 coup de correcteurs logiciels, mais il en reste forc\u00e9ment. N\u2019h\u00e9sitez surtout pas \u00e0 me remonter toutes les fautes que vous verrez !<\/p>\n<p>EDIT : Depuis la version 84, mise en ligne le 09\/03\/2025, le nombre de faute \u00e0 fortement diminu\u00e9.\u00a0 Un immense merci \u00e0 ma nouvelle lectrice et correctrice officielle \ud83d\ude09<\/p>\n<h4><strong>Ta couverture elle est pas un peu pourrie ?<\/strong><\/h4>\n<p>J&rsquo;ai fait ce que j&rsquo;ai pu avec Gimp, ChatGPT et <a href=\"https:\/\/creator.nightcafe.studio\/\">Night Cafe<\/a>. Parce que je suis informaticien, pas illustrateur (ou \u00e9crivain d&rsquo;ailleurs !) Donc si vous en avez de meilleurs \u00e0 me proposer, je les utiliserai dans les prochains tomes avec plaisir.<\/p>\n<h4><strong>La suite elle sort quand ?<\/strong><\/h4>\n<p>Sachant qu&rsquo;il m&rsquo;a fallut plus d&rsquo;une ann\u00e9e pour celui la, vous allez devoir \u00eatre un peu patient. Mais comme j&rsquo;ai d\u00e9j\u00e0 commenc\u00e9 la r\u00e9daction du second&#8230; Viser la fin 2025 ne semble pas si irr\u00e9alisable&#8230;<\/p>\n<h4><strong>J&rsquo;ai trouv\u00e9 des fautes \/ j&rsquo;ai des commentaires sur ton bouquin. J\u2019envoie \u00e7a o\u00f9 ?<\/strong><\/h4>\n<p>Vous pouvez laissez vos commentaires sur <a href=\"https:\/\/hoper.dnsalias.net\/atdc\/index.php\/2025\/02\/25\/mia-vos-critiques-constructives\/\">cette page d\u00e9di\u00e9e<\/a>. Ou utiliser mon adresse email disponible dans la section contact.<\/p>\n<h2>Obtenir le livre<strong><br \/>\n<\/strong><\/h2>\n<p>Le premier \u00e9pisode est disponible en ePub (version 3, mise \u00e0 jour 26\/07\/2025) <a href=\"https:\/\/hoper.dnsalias.net\/public\/mia\/mia1-v88.epub\">ici<\/a>.<\/p>\n<p>Si vous aimez ce livre, que vous voulez me soutenir, ou que vous pr\u00e9f\u00e9rez une version papier, ou que pour offrir etc, vous pouvez aussi<a href=\"https:\/\/www.amazon.fr\/dp\/2959766512\"> l&rsquo;acheter<\/a>.<\/p>\n","protected":false},"excerpt":{"rendered":"<p>&nbsp; Ceux qui me suivent depuis tr\u00e8eeeees longtemps, savent qu&rsquo;a une lointaine \u00e9poque j&rsquo;avais d\u00e9j\u00e0 r\u00e9ussi \u00e0 terminer l&rsquo;\u00e9criture d&rsquo;un livre dont vous \u00eates le h\u00e9ros. Tenez vous bien, je viens d&rsquo;en terminer un autre ! Sauf que cette fois il s&rsquo;agit d&rsquo;un roman tout \u00e0 fait classique. Plus qu&rsquo;un livre unique, j&rsquo;ai m\u00eame l&rsquo;espoir [&hellip;]<\/p>\n","protected":false},"author":1,"featured_media":0,"parent":0,"menu_order":0,"comment_status":"closed","ping_status":"closed","template":"","meta":{"footnotes":""},"class_list":["post-2136","page","type-page","status-publish","hentry"],"_links":{"self":[{"href":"https:\/\/hoper.dnsalias.net\/atdc\/index.php\/wp-json\/wp\/v2\/pages\/2136","targetHints":{"allow":["GET"]}}],"collection":[{"href":"https:\/\/hoper.dnsalias.net\/atdc\/index.php\/wp-json\/wp\/v2\/pages"}],"about":[{"href":"https:\/\/hoper.dnsalias.net\/atdc\/index.php\/wp-json\/wp\/v2\/types\/page"}],"author":[{"embeddable":true,"href":"https:\/\/hoper.dnsalias.net\/atdc\/index.php\/wp-json\/wp\/v2\/users\/1"}],"replies":[{"embeddable":true,"href":"https:\/\/hoper.dnsalias.net\/atdc\/index.php\/wp-json\/wp\/v2\/comments?post=2136"}],"version-history":[{"count":38,"href":"https:\/\/hoper.dnsalias.net\/atdc\/index.php\/wp-json\/wp\/v2\/pages\/2136\/revisions"}],"predecessor-version":[{"id":2229,"href":"https:\/\/hoper.dnsalias.net\/atdc\/index.php\/wp-json\/wp\/v2\/pages\/2136\/revisions\/2229"}],"wp:attachment":[{"href":"https:\/\/hoper.dnsalias.net\/atdc\/index.php\/wp-json\/wp\/v2\/media?parent=2136"}],"curies":[{"name":"wp","href":"https:\/\/api.w.org\/{rel}","templated":true}]}}