{"id":322,"date":"2014-05-18T10:24:23","date_gmt":"2014-05-18T08:24:23","guid":{"rendered":"https:\/\/hoper.dnsalias.net\/atdc\/?page_id=322"},"modified":"2019-05-02T16:56:31","modified_gmt":"2019-05-02T14:56:31","slug":"kclean","status":"publish","type":"page","link":"https:\/\/hoper.dnsalias.net\/atdc\/index.php\/kclean\/","title":{"rendered":"kclean"},"content":{"rendered":"<div id=\"wrapper\">\n<div id=\"main\">\n<div id=\"content\">\n<div id=\"p178\" class=\"post\">\n<div class=\"post-content\">\n<h3>Pr\u00e9sentation<\/h3>\n<p>NEW\u00a0: Thanks to fnux (fnux.fl at gmail.com), an ENGLISH version is available <a href=\"https:\/\/hoper.dnsalias.net\/tdc\/public\/kclean_english.deb\">here<\/a>.<\/p>\n<p>Ce script, pour ubuntu et ses variantes, permet de supprimer facilement tous les anciens noyaux du syst\u00e8mes afin de faire de la place dans le menu de grub et sur le disque. Je recommande de l&rsquo;utiliser en ligne de commande, mais un mode graphique est \u00e9galement disponible.<\/p>\n<h3>T\u00e9l\u00e9chargement<\/h3>\n<p>Version actuelle : 4.2, mise en ligne le 02\/05\/2019 : <a href=\"https:\/\/hoper.dnsalias.net\/tdc\/public\/kclean.deb\">Paquet<\/a> (.deb) ou <a href=\"https:\/\/hoper.dnsalias.net\/tdc\/public\/kclean\">script seul<\/a><br \/>\nSi vous voulez v\u00e9rifier votre t\u00e9l\u00e9chargement, voici les hashs md5 :<\/p>\n<p>script seul : 9a156ad091228de11e5e7e62bf673604<br \/>\nPaquet .deb : 12c50485f1e43e6b914e13978fd8d48d<\/p>\n<h3>Documentation<\/h3>\n<p>Depuis la version 3.1, le script se lance par d\u00e9faut en mode texte. L&rsquo;option &#8211;term n&rsquo;est conserv\u00e9e que pour ceux qui y seraient habitu\u00e9s \ud83d\ude42 Utilisez l&rsquo;option &#8211;gui pour lancer l&rsquo;interface graphique (Option int\u00e9gr\u00e9e par d\u00e9faut dans le lanceur gnome).<\/p>\n<pre>Options dispo<span class=\"bbu\">n<\/span>ibles : \r\n-t      --term          Lance le script en mode console (d\u00e9faut)\r\n-g      --gui           Lance le script en mode graphique\r\n-k      --keep-prev     Conserve le noyau pr\u00e9c\u00e9dent\r\n-s      --simulate      Aucune suppression, simple simulation\r\n-h      --help          Affichage de la syntaxe\r\n-f      --force-yes     Suppression sans demande de confirmation !\r\n-v      --version       Informations sur l'historique\r\n<\/pre>\n<p>Autres URL:<\/p>\n<p>Le <a href=\"http:\/\/forum.ubuntu-fr.org\/viewtopic.php?id=242358\">thread<\/a> sur ubuntu-fr<br \/>\nVous pouvez aussi faire une recherche sur \u00ab\u00a0kclean\u00a0\u00bb sur la page d\u2019accueil de ce blog pour voir mes pr\u00e9c\u00e9dents billets sur les versions successives.<\/p>\n<\/div>\n<\/div>\n<\/div>\n<\/div>\n<\/div>\n","protected":false},"excerpt":{"rendered":"<p>Pr\u00e9sentation NEW\u00a0: Thanks to fnux (fnux.fl at gmail.com), an ENGLISH version is available here. Ce script, pour ubuntu et ses variantes, permet de supprimer facilement tous les anciens noyaux du syst\u00e8mes afin de faire de la place dans le menu de grub et sur le disque. Je recommande de l&rsquo;utiliser en ligne de commande, mais [&hellip;]<\/p>\n","protected":false},"author":1,"featured_media":0,"parent":0,"menu_order":0,"comment_status":"closed","ping_status":"closed","template":"","meta":{"footnotes":""},"class_list":["post-322","page","type-page","status-publish","hentry"],"_links":{"self":[{"href":"https:\/\/hoper.dnsalias.net\/atdc\/index.php\/wp-json\/wp\/v2\/pages\/322","targetHints":{"allow":["GET"]}}],"collection":[{"href":"https:\/\/hoper.dnsalias.net\/atdc\/index.php\/wp-json\/wp\/v2\/pages"}],"about":[{"href":"https:\/\/hoper.dnsalias.net\/atdc\/index.php\/wp-json\/wp\/v2\/types\/page"}],"author":[{"embeddable":true,"href":"https:\/\/hoper.dnsalias.net\/atdc\/index.php\/wp-json\/wp\/v2\/users\/1"}],"replies":[{"embeddable":true,"href":"https:\/\/hoper.dnsalias.net\/atdc\/index.php\/wp-json\/wp\/v2\/comments?post=322"}],"version-history":[{"count":7,"href":"https:\/\/hoper.dnsalias.net\/atdc\/index.php\/wp-json\/wp\/v2\/pages\/322\/revisions"}],"predecessor-version":[{"id":1545,"href":"https:\/\/hoper.dnsalias.net\/atdc\/index.php\/wp-json\/wp\/v2\/pages\/322\/revisions\/1545"}],"wp:attachment":[{"href":"https:\/\/hoper.dnsalias.net\/atdc\/index.php\/wp-json\/wp\/v2\/media?parent=322"}],"curies":[{"name":"wp","href":"https:\/\/api.w.org\/{rel}","templated":true}]}}